{"id":232743,"date":"2026-03-25T14:28:46","date_gmt":"2026-03-25T13:28:46","guid":{"rendered":"https:\/\/autoshow.ch\/makina-elektrike\/ladestationen-fuer-zu-hause\/"},"modified":"2026-04-15T10:16:07","modified_gmt":"2026-04-15T08:16:07","slug":"stacione-karikimi-per-ne-shtepi","status":"publish","type":"page","link":"https:\/\/autoshow.ch\/sq\/makina-elektrike\/stacione-karikimi-per-ne-shtepi\/","title":{"rendered":"Stacione karikimi p\u00ebr n\u00eb sht\u00ebpi"},"content":{"rendered":"\t<header class=\"visual-title\">\n\t\t\t\t\t<img decoding=\"async\" class=\"lazyload\" src=\"https:\/\/autoshow.ch\/wp-content\/uploads\/2026\/04\/ladestationen-fuer-zu-hause-autoshow-aathal-ag-5-e1775573574740.jpeg\" alt=\"Stacione karikimi p\u00ebr n\u00eb sht\u00ebpi - Autoshow Aathal AG bei Uster bietet g\u00fcnstige Occasionen und Neuwagen 1\" loading=\"lazy\">\n\t\t\t\t\n\t\t\t\t\t\n\n\n\n\t<\/header><!-- \/ visual-title -->\n\n\n\n<div class=\"wp-block-group md-group\"><div class=\"wp-block-group__inner-container is-layout-constrained wp-block-group-is-layout-constrained\">\t<div class=\"breadcrumbs-section container\">\n\t\t<ul class=\"breadcrumb\">\n\t\t\t<li class=\"breadcrumb-item\"><a property=\"item\" typeof=\"WebPage\" title=\"Go to Autoshow Aathal AG.\" href=\"https:\/\/autoshow.ch\/sq\/\" class=\"home\"><span property=\"name\">Start\u00adseite<\/span><\/a><meta property=\"position\" content=\"1\"><\/li><li class=\"breadcrumb-item\"><a property=\"item\" typeof=\"WebPage\" title=\"Go to Lajme.\" href=\"https:\/\/autoshow.ch\/sq\/lajme\/\" class=\"post-root post post-post\" aria-current=\"page\"><span property=\"name\">Lajme<\/span><\/a><meta property=\"position\" content=\"2\"><\/li>\t\t<\/ul>\n\t<\/div>\n<!-- \/.breadcrumbs-section -->\n\n\n<div class=\"page-title-section container\">\n\t\t\t<h1>Stacione karikimi p\u00ebr n\u00eb sht\u00ebpi<\/h1>\n\t<\/div>\n<!-- \/.page-title-section -->\n\n\n\n<div class=\"wp-block-columns is-layout-flex wp-container-core-columns-is-layout-9d6595d7 wp-block-columns-is-layout-flex\">\n<div class=\"wp-block-column is-layout-flow wp-block-column-is-layout-flow\" style=\"flex-basis:70%\">\n<h2 class=\"wp-block-heading\">Stacion karikimi p\u00ebr makin\u00eb elektrike \u2013 zgjidhja e duhur p\u00ebr n\u00eb sht\u00ebpi<\/h2>\n\n\n<p class=\"type-size-2\">\n\t\t\tPavar\u00eb\u00adsisht n\u00ebse drej\u00adtoni nj\u00eb hib\u00adrid plug-in apo nj\u00eb autom\u00adjet plot\u00eb\u00adsisht elek\u00adtrik: zgjid\u00adh\u00adja e sig\u00adurt e karikim\u00adit \u00ebsht\u00eb nj\u00eb Wall\u00adbox ose nj\u00eb sta\u00adcion kariki\u00admi mobil.\t<\/p>\n\n\n\t<figure class=\"img-block\">\n\t\t<img decoding=\"async\" src=\"https:\/\/autoshow.ch\/wp-content\/uploads\/2026\/04\/ladestationen-fuer-zu-hause-autoshow-aathal-ag-7.jpeg\" alt=\"Stacione karikimi p\u00ebr n\u00eb sht\u00ebpi - Autoshow Aathal AG bei Uster bietet g\u00fcnstige Occasionen und Neuwagen\" loading=\"lazy\" class=\"lazyload\">\n\t\t\t\t\t\t\n\t<\/figure>\n\n\n\n\n<h2 class=\"wp-block-heading\">Cili stacion karikimi i p\u00ebrshtatet makin\u00ebs sime elektrike?<\/h2>\n\n\n\n<p>Pavar\u00eb\u00adsisht n\u00ebse keni apo jo nj\u00eb instal\u00adim elek\u00adtrik ekzistues: part\u00adneri yn\u00eb TCS ju tre\u00adgon pa angazhim cili \u00ebsht\u00eb sta\u00adcioni i duhur i karikim\u00adit p\u00ebr ju dhe sa kush\u00adton.<\/p>\n\n\n\n<h2 class=\"wp-block-heading\">Ku mund ta karikoj makin\u00ebn time elektrike?<\/h2>\n\n\n\n<p>N\u00eb sht\u00ebpi me nj\u00eb Wall\u00adbox t\u00eb instalu\u00adar fikse, n\u00eb rrug\u00eb me nj\u00eb sta\u00adcion kariki\u00admi mobil (p.sh. JUICE BOOSTER 2) ose n\u00eb nj\u00eb sta\u00adcion pub\u00adlik kariki\u00admi me aplika\u00adcionin TCS eCharge. N\u00eb Zvic\u00ebr dhe Evrop\u00eb jan\u00eb n\u00eb dis\u00adpozi\u00adcion mbi 382\u2019000 pika kariki\u00admi. <\/p>\n\n\n\n<h2 class=\"wp-block-heading\">A mund ta karikoj makin\u00ebn time elektrike n\u00eb priz\u00ebn e sht\u00ebpis\u00eb?<\/h2>\n\n\n\n<p>Ne nuk e reko\u00adman\u00addo\u00adjm\u00eb k\u00ebt\u00eb. Prizat e zakon\u00adshme nuk jan\u00eb t\u00eb pro\u00adjek\u00adtu\u00adara p\u00ebr t\u00eb dh\u00ebn\u00eb rrym\u00eb me ngarkes\u00eb t\u00eb plot\u00eb p\u00ebr disa or\u00eb. Nj\u00eb sta\u00adcion kariki\u00admi i dedikuar mbron instal\u00adim\u00adin tuaj elek\u00adtrik dhe karikon duk\u00adsh\u00ebm m\u00eb shpe\u00adjt.  <\/p>\n\n\n\n<div style=\"height:50px\" aria-hidden=\"true\" class=\"wp-block-spacer\"><\/div>\n\n\n\n<h6 class=\"wp-block-heading\">Partner\u00ebt tan\u00eb p\u00ebr stacionet e karikimit elektrik<\/h6>\n\n\n                <div class=\"row partners-grid\">\n             \n                 \n                               \n                <div class=\"col-lg-4 col-md-6 d-flex\">\n                    <a target=\"_blank\" href=\"https:\/\/club.tcs.ch\/e-auto?lang=de\" class=\"partner-card\">\n                                                    \n                            <figure class=\"img\">\n                                <img decoding=\"async\" src=\"https:\/\/autoshow.ch\/wp-content\/uploads\/2026\/03\/tcs-ladestationen-autoshow-aathal-ag.jpg\" alt=\"TCS \u2014 LADESTATIONEN\" loading=\"lazy\" class=\"lazyload\">\n                            <\/figure>\n                                                <span class=\"descr\">\n                            <h3>TCS \u2014 LADESTATIONEN<\/h3>\n                                                            <p>sich\u00ader und schnell laden<\/p>\n                                                        \n                        <\/span>\n                    <\/a>\n                <\/div>\n             \n                 \n                               \n                <div class=\"col-lg-4 col-md-6 d-flex\">\n                    <a target=\"_blank\" href=\"https:\/\/juice.world\/collections\/juice-booster-2\" class=\"partner-card\">\n                                                    \n                            <figure class=\"img\">\n                                <img decoding=\"async\" src=\"https:\/\/autoshow.ch\/wp-content\/uploads\/2026\/03\/juice-booster-autoshow-aathal-ag.avif\" alt=\"JUICE BOOSTER\" loading=\"lazy\" class=\"lazyload\">\n                            <\/figure>\n                                                <span class=\"descr\">\n                            <h3>JUICE BOOSTER<\/h3>\n                                                            <p>die mobile Ladesta\u00adtion<\/p>\n                                                        \n                        <\/span>\n                    <\/a>\n                <\/div>\n                        \n        <\/div>\n    \n\n\n\n<hr class=\"wp-block-separator has-alpha-channel-opacity is-style-wide\">\n\n\n\n<div class=\"wpcf7 no-js\" id=\"wpcf7-f232716-o1\" lang=\"sq\" dir=\"ltr\" data-wpcf7-id=\"232716\">\n<div class=\"screen-reader-response\"><p role=\"status\" aria-live=\"polite\" aria-atomic=\"true\"><\/p> <ul><\/ul><\/div>\n<form action=\"\/sq\/wp-json\/wp\/v2\/pages\/232743#wpcf7-f232716-o1\" method=\"post\" class=\"wpcf7-form init\" aria-label=\"Formular kontaktesh\" novalidate=\"novalidate\" data-status=\"init\">\n<fieldset class=\"hidden-fields-container\"><input type=\"hidden\" name=\"_wpcf7\" value=\"232716\"><input type=\"hidden\" name=\"_wpcf7_version\" value=\"6.1.5\"><input type=\"hidden\" name=\"_wpcf7_locale\" value=\"sq\"><input type=\"hidden\" name=\"_wpcf7_unit_tag\" value=\"wpcf7-f232716-o1\"><input type=\"hidden\" name=\"_wpcf7_container_post\" value=\"0\"><input type=\"hidden\" name=\"_wpcf7_posted_data_hash\" value><input type=\"hidden\" name=\"_wpcf7cf_hidden_group_fields\" value=\"[]\"><input type=\"hidden\" name=\"_wpcf7cf_hidden_groups\" value=\"[]\"><input type=\"hidden\" name=\"_wpcf7cf_visible_groups\" value=\"[]\"><input type=\"hidden\" name=\"_wpcf7cf_repeaters\" value=\"[]\"><input type=\"hidden\" name=\"_wpcf7cf_steps\" value=\"{}\"><input type=\"hidden\" name=\"_wpcf7cf_options\" value=\"{&quot;form_id&quot;:232716,&quot;conditions&quot;:[],&quot;settings&quot;:{&quot;animation&quot;:&quot;yes&quot;,&quot;animation_intime&quot;:200,&quot;animation_outtime&quot;:200,&quot;conditions_ui&quot;:&quot;normal&quot;,&quot;notice_dismissed&quot;:false,&quot;notice_dismissed_rollback-cf7-5.8&quot;:true,&quot;notice_dismissed_rollback-cf7-5.8.1&quot;:true,&quot;notice_dismissed_rollback-cf7-5.8.3&quot;:true,&quot;notice_dismissed_rollback-cf7-5.8.4&quot;:true}}\">\n<\/fieldset>\n<div class=\"buy-form\">\n<h3>Formulari i kontaktit<\/h3>\n<p>I p\u00ebrgjig\u00adje\u00admi k\u00ebrkes\u00ebs suaj bren\u00adda 48 or\u00ebve n\u00eb dit\u00ebt e pun\u00ebs.<\/p>\n<div class=\"row\">\n<div class=\"col-md-5 contact-narrow-col\">\n  <div class=\"form-group\">\n    <label for=\"salutation\">Tit\u00adul\u00adli *<\/label>\n    <span class=\"wpcf7-form-control-wrap\" data-name=\"salutation\"><select class=\"wpcf7-form-control wpcf7-select wpcf7-validates-as-required form-control\" id=\"salutation\" aria-required=\"true\" aria-invalid=\"false\" name=\"salutation\"><option value>\u2014Ju lutemi, zgjidhni nj\u00eb mund\u00ebsi\u2014<\/option><option value=\"Zonj\u00eb\">Zonj\u00eb<\/option><option value=\"Zot\u00ebri\">Zot\u00ebri<\/option><option value=\"Tjet\u00ebr\">Tjet\u00ebr<\/option><\/select><\/span>\n  <\/div>\n  <div class=\"form-group\">\n    <label for=\"lbl-vorname\">Emri *<\/label>\n    <span class=\"wpcf7-form-control-wrap\" data-name=\"vorname\"><input size=\"40\" maxlength=\"400\" class=\"wpcf7-form-control wpcf7-text wpcf7-validates-as-required form-control\" id=\"lbl-vorname\" aria-required=\"true\" aria-invalid=\"false\" placeholder=\"Emri *\" value type=\"text\" name=\"vorname\"><\/span>\n  <\/div>\n  <div class=\"form-group\">\n    <label for=\"lbl-nachname\">Mbiem\u00adri *<\/label>\n    <span class=\"wpcf7-form-control-wrap\" data-name=\"nachname\"><input size=\"40\" maxlength=\"400\" class=\"wpcf7-form-control wpcf7-text wpcf7-validates-as-required form-control\" id=\"lbl-nachname\" aria-required=\"true\" aria-invalid=\"false\" placeholder=\"Mbiemri *\" value type=\"text\" name=\"nachname\"><\/span>\n  <\/div>\n  <div class=\"form-group\">\n    <label for=\"lbl-email\">E\u2011mail *<\/label>\n    <span class=\"wpcf7-form-control-wrap\" data-name=\"email\"><input size=\"40\" maxlength=\"400\" class=\"wpcf7-form-control wpcf7-email wpcf7-validates-as-required wpcf7-text wpcf7-validates-as-email form-control\" id=\"lbl-email\" aria-required=\"true\" aria-invalid=\"false\" placeholder=\"Adresa e e-mailit *\" value type=\"email\" name=\"email\"><\/span>\n  <\/div>\n  <div class=\"form-group\">\n    <label for=\"lbl-telefonnummer\">Num\u00adri i tele\u00adfonit *<\/label>\n    <span class=\"wpcf7-form-control-wrap\" data-name=\"telefonnummer\"><input size=\"40\" maxlength=\"400\" class=\"wpcf7-form-control wpcf7-tel wpcf7-validates-as-required wpcf7-text wpcf7-validates-as-tel form-control\" id=\"lbl-telefonnummer\" aria-required=\"true\" aria-invalid=\"false\" placeholder=\"Telefon ose celular *\" value type=\"tel\" name=\"telefonnummer\"><\/span>\n  <\/div>\n<\/div>\n<div class=\"col-md-7 contact-wide-col\">\n  <div class=\"form-group\">\n    <label for=\"lbl-betreff\">Tema *<\/label>\n    <span class=\"wpcf7-form-control-wrap\" data-name=\"betreff\"><input size=\"40\" maxlength=\"400\" class=\"wpcf7-form-control wpcf7-text wpcf7-validates-as-required form-control\" id=\"lbl-betreff\" aria-required=\"true\" aria-invalid=\"false\" placeholder=\"Tema *\" value=\"Stacione karikimi p\u00ebr n\u00eb sht\u00ebpi\" type=\"text\" name=\"betreff\"><\/span>\n  <\/div>\n  <div class=\"form-group\">\n    <label for=\"lbl-nachricht\">Mesazhi *<\/label>\n    <span class=\"wpcf7-form-control-wrap\" data-name=\"nachricht\"><textarea cols=\"40\" rows=\"10\" maxlength=\"2000\" class=\"wpcf7-form-control wpcf7-textarea wpcf7-validates-as-required form-control\" id=\"lbl-nachricht\" aria-required=\"true\" aria-invalid=\"false\" placeholder=\"Mesazhi juaj *\" name=\"nachricht\"><\/textarea><\/span>\n  <\/div>\n  <span class=\"wpcf7-form-control-wrap\" data-name=\"acceptance\"><span class=\"wpcf7-form-control wpcf7-acceptance\"><span class=\"wpcf7-list-item\"><label><input type=\"checkbox\" name=\"acceptance\" value=\"1\" aria-invalid=\"false\"><span class=\"wpcf7-list-item-label\">Pra\u00adnoj <a target=\"_blank\" href=\"\/sq\/deklarata-e-privatesise\/\">poli\u00adtik\u00ebn e pri\u00advat\u00eb\u00adsis\u00eb<\/a> *<\/span><\/label><\/span><\/span><\/span>\n<\/div>\n<div class=\"col-md-12 btn-hold\">\n  <input class=\"wpcf7-form-control wpcf7-submit has-spinner button btn btn-primary\" type=\"submit\" value=\"D\u00ebrgo k\u00ebrkes\u00ebn\">\n<\/div>\n<\/div>\n<\/div><div class=\"wpcf7-response-output\" aria-hidden=\"true\"><\/div>\n<\/form>\n<\/div>\n\n<\/div>\n\n\n\n<div class=\"wp-block-column is-layout-flow wp-block-column-is-layout-flow\" style=\"flex-basis:30%\">\t\n\t\t\t\t\t\t<nav class=\"sidebar-nav\">\n\t\t\t<ul>\n\t\t\t\t\t\t\t\t\t\t\t\t\t\t<li><a href=\"https:\/\/autoshow.ch\/autos\/unsere-elektroautos\/\">Mak\u00adi\u00adna elek\u00adtrike<\/a><\/li>\n\t\t\t\t\t\t\t\t\t\t\t\t\t\t<li><a href=\"https:\/\/autoshow.ch\/elektroautos\/elektromobilitaet-ratgeber\/\">Udh\u00ebzues p\u00ebr Elek\u00adtro\u00admo\u00adbilitetin<\/a><\/li>\n\t\t\t\t\t\t\t\t\t\t\t\t\t\t<li class=\"active\"><a href=\"https:\/\/autoshow.ch\/elektroautos\/ladestationen-fuer-zu-hause\/\">Sta\u00adcione kariki\u00admi p\u00ebr n\u00eb sht\u00ebpi<\/a><\/li>\n\t\t\t\t\t\t\t\t\t\t\t\t\t\t<li><a href=\"https:\/\/autoshow.ch\/elektroautos\/ladestationen-finden\/\">Gjeni sta\u00adcionet e karikim\u00adit \u2014 Aplika\u00adcioni TCS Echarge<\/a><\/li>\n\t\t\t\t\t\t\t\t\t\t\t\t\t\t<li><a href=\"https:\/\/autoshow.ch\/elektroautos\/mobile-ladestation-fuer-unterwegs\/\">Sta\u00adcion kariki\u00admi por\u00adta\u00adtiv p\u00ebr n\u00eb udh\u00eb\u00adtim<\/a><\/li>\n\t\t\t\t\t\t\t\t\n\t\t\t<\/ul>\n\t\t<\/nav>\n\t\t<!-- .sidebar-nav -->\n\t\n\n\t\t<div class=\"person-box bg-gray\">\n\t\t<h3>Si mund t\u2019ju ndihmoj m\u00eb tej?<\/h3>\n\t\t<figure class=\"photo-box\">\n\t\t\t<img decoding=\"async\" src=\"https:\/\/autoshow.ch\/wp-content\/uploads\/2025\/12\/darko-simic-autoshow-aathal-ag-2.jpeg\" alt=\"Darko Simic\" class=\"lazyload\" loading=\"lazy\">\n\t\t<\/figure>\n\t\t<h4>Darko Simic<\/h4>\n\t\t<p class=\"role\">Verkauf<\/p>\n\t\t<p class=\"employee-langs\">DE, EN, SR<\/p>\n\t\t<ul class=\"contact-btns type2\">\n\t\t\t\t\t\t<li class=\"person-box-email\">\n\t\t\t\t<a href=\"mailto:ds@autoshow.ch\">\n\t\t\t\t\t<i class=\"fa-regular fa-envelope\" aria-hidden=\"true\"><\/i>\n\t\t\t\t\t<span class=\"tooltip-item\">ds@autoshow.ch<\/span>\n\t\t\t\t<\/a>\n\t\t\t<\/li>\n\t\t\t\t\t\t<li class=\"person-box-phone\">\n\t\t\t\t<a href=\"tel:41449330048\">\n\t\t\t\t\t<i class=\"fa fa-phone\" aria-hidden=\"true\"><\/i>\n\t\t\t\t\t<span class=\"tooltip-item\">+41 44 933 00 48<\/span>\n\t\t\t\t<\/a>\n\t\t\t<\/li>\n\t\t\t\t\t\t<li class=\"person-box-whatsapp\">\n\t\t\t\t<a href=\"https:\/\/api.whatsapp.com\/send?phone=41794220670\">\n\t\t\t\t\t<span class=\"icon\"><i class=\"fa-brands fa-whatsapp\"><\/i><\/span>\n\t\t\t\t\t<span class=\"tooltip-item\">+41 79 422 06 70<\/span>\n\t\t\t\t<\/a>\n\t\t\t<\/li>\n\t\t<\/ul>\n\t\t\t<\/div>\n<\/div>\n<\/div>\n<\/div><\/div>\n","protected":false},"excerpt":{"rendered":"<p>Sta\u00adcion kariki\u00admi p\u00ebr mak\u00adin\u00eb elek\u00adtrike \u2013 zgjid\u00adh\u00adja e duhur p\u00ebr n\u00eb sht\u00ebpi Cili sta\u00adcio\u2026<\/p>\n","protected":false},"author":31,"featured_media":232745,"parent":226966,"menu_order":20,"comment_status":"closed","ping_status":"closed","template":"","meta":{"_acf_changed":false,"inline_featured_image":false,"wp_typography_post_enhancements_disabled":false,"footnotes":""},"class_list":["post-232743","page","type-page","status-publish","has-post-thumbnail","hentry"],"acf":[],"yoast_head":"<!-- This site is optimized with the Yoast SEO plugin v27.4 - https:\/\/yoast.com\/product\/yoast-seo-wordpress\/ -->\n<title>Stacion karikimi p\u00ebr makin\u00eb elektrike | Wallbox p\u00ebr n\u00eb sht\u00ebpi | Autoshow Aathal<\/title>\n<meta name=\"description\" content=\"Stacioni i duhur i karikimit: Wallbox, stacion karikimi mobil ose pika publike karikimi. K\u00ebshillim nga partneri i TCS.\" \/>\n<meta name=\"robots\" content=\"index, follow, max-snippet:-1, max-image-preview:large, max-video-preview:-1\" \/>\n<link rel=\"canonical\" href=\"https:\/\/autoshow.ch\/sq\/makina-elektrike\/stacione-karikimi-per-ne-shtepi\/\" \/>\n<meta property=\"og:locale\" content=\"sq_AL\" \/>\n<meta property=\"og:type\" content=\"article\" \/>\n<meta property=\"og:title\" content=\"Stacion karikimi p\u00ebr makin\u00eb elektrike | Wallbox p\u00ebr n\u00eb sht\u00ebpi | Autoshow Aathal\" \/>\n<meta property=\"og:description\" content=\"Stacioni i duhur i karikimit: Wallbox, stacion karikimi mobil ose pika publike karikimi. K\u00ebshillim nga partneri i TCS.\" \/>\n<meta property=\"og:url\" content=\"https:\/\/autoshow.ch\/sq\/makina-elektrike\/stacione-karikimi-per-ne-shtepi\/\" \/>\n<meta property=\"og:site_name\" content=\"Autoshow Aathal AG\" \/>\n<meta property=\"article:publisher\" content=\"https:\/\/www.facebook.com\/autoshow.ch\" \/>\n<meta property=\"article:modified_time\" content=\"2026-04-15T08:16:07+00:00\" \/>\n<meta property=\"og:image\" content=\"https:\/\/autoshow.ch\/wp-content\/uploads\/2026\/04\/ladestationen-fuer-zu-hause-autoshow-aathal-ag-6.jpeg\" \/>\n\t<meta property=\"og:image:width\" content=\"1920\" \/>\n\t<meta property=\"og:image:height\" content=\"960\" \/>\n\t<meta property=\"og:image:type\" content=\"image\/jpeg\" \/>\n<meta name=\"twitter:card\" content=\"summary_large_image\" \/>\n<!-- \/ Yoast SEO plugin. -->","yoast_head_json":{"title":"Stacion karikimi p\u00ebr makin\u00eb elektrike | Wallbox p\u00ebr n\u00eb sht\u00ebpi | Autoshow Aathal","description":"Stacioni i duhur i karikimit: Wallbox, stacion karikimi mobil ose pika publike karikimi. K\u00ebshillim nga partneri i TCS.","robots":{"index":"index","follow":"follow","max-snippet":"max-snippet:-1","max-image-preview":"max-image-preview:large","max-video-preview":"max-video-preview:-1"},"canonical":"https:\/\/autoshow.ch\/sq\/makina-elektrike\/stacione-karikimi-per-ne-shtepi\/","og_locale":"sq_AL","og_type":"article","og_title":"Stacion karikimi p\u00ebr makin\u00eb elektrike | Wallbox p\u00ebr n\u00eb sht\u00ebpi | Autoshow Aathal","og_description":"Stacioni i duhur i karikimit: Wallbox, stacion karikimi mobil ose pika publike karikimi. K\u00ebshillim nga partneri i TCS.","og_url":"https:\/\/autoshow.ch\/sq\/makina-elektrike\/stacione-karikimi-per-ne-shtepi\/","og_site_name":"Autoshow Aathal AG","article_publisher":"https:\/\/www.facebook.com\/autoshow.ch","article_modified_time":"2026-04-15T08:16:07+00:00","og_image":[{"width":1920,"height":960,"url":"https:\/\/autoshow.ch\/wp-content\/uploads\/2026\/04\/ladestationen-fuer-zu-hause-autoshow-aathal-ag-6.jpeg","type":"image\/jpeg"}],"twitter_card":"summary_large_image","schema":{"@context":"https:\/\/schema.org","@graph":[{"@type":"WebPage","@id":"https:\/\/autoshow.ch\/sq\/makina-elektrike\/stacione-karikimi-per-ne-shtepi\/","url":"https:\/\/autoshow.ch\/sq\/makina-elektrike\/stacione-karikimi-per-ne-shtepi\/","name":"Stacion karikimi p\u00ebr makin\u00eb elektrike | Wallbox p\u00ebr n\u00eb sht\u00ebpi | Autoshow Aathal","isPartOf":{"@id":"https:\/\/autoshow.ch\/sq\/#website"},"primaryImageOfPage":{"@id":"https:\/\/autoshow.ch\/sq\/makina-elektrike\/stacione-karikimi-per-ne-shtepi\/#primaryimage"},"image":{"@id":"https:\/\/autoshow.ch\/sq\/makina-elektrike\/stacione-karikimi-per-ne-shtepi\/#primaryimage"},"thumbnailUrl":"https:\/\/autoshow.ch\/wp-content\/uploads\/2026\/04\/ladestationen-fuer-zu-hause-autoshow-aathal-ag-6.jpeg","datePublished":"2026-03-25T13:28:46+00:00","dateModified":"2026-04-15T08:16:07+00:00","description":"Stacioni i duhur i karikimit: Wallbox, stacion karikimi mobil ose pika publike karikimi. K\u00ebshillim nga partneri i TCS.","breadcrumb":{"@id":"https:\/\/autoshow.ch\/sq\/makina-elektrike\/stacione-karikimi-per-ne-shtepi\/#breadcrumb"},"inLanguage":"sq","potentialAction":[{"@type":"ReadAction","target":["https:\/\/autoshow.ch\/sq\/makina-elektrike\/stacione-karikimi-per-ne-shtepi\/"]}]},{"@type":"ImageObject","inLanguage":"sq","@id":"https:\/\/autoshow.ch\/sq\/makina-elektrike\/stacione-karikimi-per-ne-shtepi\/#primaryimage","url":"https:\/\/autoshow.ch\/wp-content\/uploads\/2026\/04\/ladestationen-fuer-zu-hause-autoshow-aathal-ag-6.jpeg","contentUrl":"https:\/\/autoshow.ch\/wp-content\/uploads\/2026\/04\/ladestationen-fuer-zu-hause-autoshow-aathal-ag-6.jpeg","width":1920,"height":960,"caption":"Makina hibride elektrike EV gjenerike po karikohet nga nj\u00eb wallbox n\u00eb nj\u00eb nd\u00ebrtes\u00eb banimi bashk\u00ebkohore moderne"},{"@type":"BreadcrumbList","@id":"https:\/\/autoshow.ch\/sq\/makina-elektrike\/stacione-karikimi-per-ne-shtepi\/#breadcrumb","itemListElement":[{"@type":"ListItem","position":1,"name":"Startseite","item":"https:\/\/autoshow.ch\/sq\/"},{"@type":"ListItem","position":2,"name":"Makina elektrike","item":"https:\/\/autoshow.ch\/sq\/makina-elektrike\/"},{"@type":"ListItem","position":3,"name":"Stacione karikimi p\u00ebr n\u00eb sht\u00ebpi"}]},{"@type":"WebSite","@id":"https:\/\/autoshow.ch\/sq\/#website","url":"https:\/\/autoshow.ch\/sq\/","name":"Autoshow Aathal AG","description":"bei Uster bietet g\u00fcnstige Occasionen und Neuwagen","publisher":{"@id":"https:\/\/autoshow.ch\/sq\/#organization"},"alternateName":"Autoshow","potentialAction":[{"@type":"SearchAction","target":{"@type":"EntryPoint","urlTemplate":"https:\/\/autoshow.ch\/sq\/?s={search_term_string}"},"query-input":{"@type":"PropertyValueSpecification","valueRequired":true,"valueName":"search_term_string"}}],"inLanguage":"sq"},{"@type":"Organization","@id":"https:\/\/autoshow.ch\/sq\/#organization","name":"Autoshow Aathal AG","alternateName":"Autoshow","url":"https:\/\/autoshow.ch\/sq\/","logo":{"@type":"ImageObject","inLanguage":"sq","@id":"https:\/\/autoshow.ch\/sq\/#\/schema\/logo\/image\/","url":"https:\/\/autoshow.ch\/wp-content\/uploads\/2025\/12\/autoshow-aathal-ag-logo@696x696.png","contentUrl":"https:\/\/autoshow.ch\/wp-content\/uploads\/2025\/12\/autoshow-aathal-ag-logo@696x696.png","width":696,"height":696,"caption":"Autoshow Aathal AG"},"image":{"@id":"https:\/\/autoshow.ch\/sq\/#\/schema\/logo\/image\/"},"sameAs":["https:\/\/www.facebook.com\/autoshow.ch","https:\/\/www.instagram.com\/autoshow_aathal\/","https:\/\/www.linkedin.com\/company\/autoshow-aathal-ag","https:\/\/www.youtube.com\/user\/AutoshowAathal"]}]}},"_links":{"self":[{"href":"https:\/\/autoshow.ch\/sq\/wp-json\/wp\/v2\/pages\/232743","targetHints":{"allow":["GET"]}}],"collection":[{"href":"https:\/\/autoshow.ch\/sq\/wp-json\/wp\/v2\/pages"}],"about":[{"href":"https:\/\/autoshow.ch\/sq\/wp-json\/wp\/v2\/types\/page"}],"author":[{"embeddable":true,"href":"https:\/\/autoshow.ch\/sq\/wp-json\/wp\/v2\/users\/31"}],"replies":[{"embeddable":true,"href":"https:\/\/autoshow.ch\/sq\/wp-json\/wp\/v2\/comments?post=232743"}],"version-history":[{"count":3,"href":"https:\/\/autoshow.ch\/sq\/wp-json\/wp\/v2\/pages\/232743\/revisions"}],"predecessor-version":[{"id":232842,"href":"https:\/\/autoshow.ch\/sq\/wp-json\/wp\/v2\/pages\/232743\/revisions\/232842"}],"up":[{"embeddable":true,"href":"https:\/\/autoshow.ch\/sq\/wp-json\/wp\/v2\/pages\/226966"}],"wp:featuredmedia":[{"embeddable":true,"href":"https:\/\/autoshow.ch\/sq\/wp-json\/wp\/v2\/media\/232745"}],"wp:attachment":[{"href":"https:\/\/autoshow.ch\/sq\/wp-json\/wp\/v2\/media?parent=232743"}],"curies":[{"name":"wp","href":"https:\/\/api.w.org\/{rel}","templated":true}]}}