{"id":228862,"date":"2026-03-20T14:58:25","date_gmt":"2026-03-20T13:58:25","guid":{"rendered":"https:\/\/autoshow.ch\/sherbimet\/karte-karburanti-autoshow-migrol\/"},"modified":"2026-04-15T14:35:18","modified_gmt":"2026-04-15T12:35:18","slug":"karte-karburanti-autoshow-migrol","status":"publish","type":"page","link":"https:\/\/autoshow.ch\/sq\/sherbimet\/karte-karburanti-autoshow-migrol\/","title":{"rendered":"Kart\u00eb karburanti Autoshow Migrol"},"content":{"rendered":"\t<header class=\"visual-title\">\n\t\t\t\t\t<img decoding=\"async\" class=\"lazyload\" src=\"https:\/\/autoshow.ch\/wp-content\/uploads\/2026\/04\/tankkarte-autoshow-migrol-autoshow-aathal-ag-4.jpeg\" alt=\"Kart\u00eb karburanti Autoshow Migrol - Autoshow Aathal AG bei Uster bietet g\u00fcnstige Occasionen und Neuwagen 1\" loading=\"lazy\">\n\t\t\t\t\n\t\t\t\t\t\n\n\n\n\t<\/header><!-- \/ visual-title -->\n\n\n\n<div class=\"wp-block-group md-group\"><div class=\"wp-block-group__inner-container is-layout-constrained wp-block-group-is-layout-constrained\">\t<div class=\"breadcrumbs-section container\">\n\t\t<ul class=\"breadcrumb\">\n\t\t\t<li class=\"breadcrumb-item\"><a property=\"item\" typeof=\"WebPage\" title=\"Go to Autoshow Aathal AG.\" href=\"https:\/\/autoshow.ch\/sq\/\" class=\"home\"><span property=\"name\">Start\u00adseite<\/span><\/a><meta property=\"position\" content=\"1\"><\/li><li class=\"breadcrumb-item\"><a property=\"item\" typeof=\"WebPage\" title=\"Go to Lajme.\" href=\"https:\/\/autoshow.ch\/sq\/lajme\/\" class=\"post-root post post-post\" aria-current=\"page\"><span property=\"name\">Lajme<\/span><\/a><meta property=\"position\" content=\"2\"><\/li>\t\t<\/ul>\n\t<\/div>\n<!-- \/.breadcrumbs-section -->\n\n\n<div class=\"page-title-section container\">\n\t\t\t<h1>Kart\u00eb karburanti Autoshow Migrol<\/h1>\n\t<\/div>\n<!-- \/.page-title-section -->\n\n\n\n<div class=\"wp-block-columns is-layout-flex wp-container-core-columns-is-layout-9d6595d7 wp-block-columns-is-layout-flex\">\n<div class=\"wp-block-column is-layout-flow wp-block-column-is-layout-flow\" style=\"flex-basis:70%\">\n<h2 class=\"wp-block-heading\">Kart\u00eb karburanti Migrol \u2013 mbushje karburanti pa para n\u00eb dor\u00eb me kushte preferenciale<\/h2>\n\n\n<p class=\"type-size-2\">\n\t\t\tMe Migrol Pri\u00advate Card t\u00eb Autoshow Aathal, ju mund t\u00eb mbush\u00adni kar\u00adbu\u00adrant, t\u00eb lani mak\u00adin\u00ebn dhe t\u00eb bli\u00adni pa para n\u00eb dor\u00eb n\u00eb rreth 370 pika kar\u00adbu\u00adran\u00adti n\u00eb Zvic\u00ebr dhe Prin\u00adci\u00adpat\u00ebn e Liht\u00aden\u00adsh\u00adta\u00adjnit me kushte ekskluzive pref\u00ader\u00aden\u00adciale.\t<\/p>\n\n\n\t<figure class=\"img-block\">\n\t\t<img decoding=\"async\" src=\"https:\/\/autoshow.ch\/wp-content\/uploads\/2026\/04\/tankkarte-autoshow-migrol-autoshow-aathal-ag-5.jpeg\" alt=\"Kart\u00eb karburanti Autoshow Migrol - Autoshow Aathal AG bei Uster bietet g\u00fcnstige Occasionen und Neuwagen\" loading=\"lazy\" class=\"lazyload\">\n\t\t\t\t\t\t\n\t<\/figure>\n\n\n\n\n<h2 class=\"wp-block-heading\">\u00c7far\u00eb ofron Migrol Private Card?<\/h2>\n\n\n\n<ul class=\"wp-block-list\">\n<li>Mbush\u00adje kar\u00adbu\u00adran\u00adti, lar\u00adje dhe bler\u00adje pa para n\u00eb dor\u00eb n\u00eb t\u00eb gjitha pikat e kar\u00adbu\u00adran\u00adtit Migrol dhe Shell<\/li>\n\n\n\n<li>Zbrit\u00adje n\u00eb kar\u00adbu\u00adrant dhe lar\u00adje makine direkt n\u00eb fatur\u00ebn mujore<\/li>\n\n\n\n<li>Mund\u00ebsi apliki\u00admi p\u00ebr kart\u00ebn falas Cumu\u00adlus<\/li>\n\n\n\n<li>Mjet online pa pages\u00eb p\u00ebr menax\u00adhimin e kar\u00adtave<\/li>\n<\/ul>\n\n\n\n<p>Kur bli\u00adni nj\u00eb autom\u00adjet n\u00eb Autoshow Aathal, mund t\u00eb aplikoni direkt p\u00ebr Migrol Pri\u00advate Card.<\/p>\n\n\n\n<div style=\"height:50px\" aria-hidden=\"true\" class=\"wp-block-spacer\"><\/div>\n\n\n\n<h6 class=\"wp-block-heading\">Partneri yn\u00eb p\u00ebr benzin\u00eb, larje makinash dhe blerje n\u00eb dyqan<\/h6>\n\n\n\n<p><a target=\"_blank\" href=\"https:\/\/www.migrol.ch\/de\/\" rel=\"noreferrer noopener\"><\/a><\/p>\n\n\n                <div class=\"row partners-grid\">\n             \n                 \n                               \n                <div class=\"col-lg-4 col-md-6 d-flex\">\n                    <a target=\"_blank\" href=\"https:\/\/www.migrol.ch\/de\/\" class=\"partner-card\">\n                                                    \n                            <figure class=\"img\">\n                                <img decoding=\"async\" src=\"https:\/\/autoshow.ch\/wp-content\/uploads\/2022\/12\/websamurai-ag-autoshow-aathal-ag.png\" alt=\"Migrol AG\" loading=\"lazy\" class=\"lazyload\">\n                            <\/figure>\n                                                <span class=\"descr\">\n                            <h3>Migrol AG<\/h3>\n                                                            <p>rund 370 Tankstellen<\/p>\n                                                        \n                        <\/span>\n                    <\/a>\n                <\/div>\n                        \n        <\/div>\n    \n\n\n\n<hr class=\"wp-block-separator has-alpha-channel-opacity is-style-wide\">\n\n\n\n<div class=\"wpcf7 no-js\" id=\"wpcf7-f232716-o1\" lang=\"sq\" dir=\"ltr\" data-wpcf7-id=\"232716\">\n<div class=\"screen-reader-response\"><p role=\"status\" aria-live=\"polite\" aria-atomic=\"true\"><\/p> <ul><\/ul><\/div>\n<form action=\"\/sq\/wp-json\/wp\/v2\/pages\/228862#wpcf7-f232716-o1\" method=\"post\" class=\"wpcf7-form init\" aria-label=\"Formular kontaktesh\" novalidate=\"novalidate\" data-status=\"init\">\n<fieldset class=\"hidden-fields-container\"><input type=\"hidden\" name=\"_wpcf7\" value=\"232716\"><input type=\"hidden\" name=\"_wpcf7_version\" value=\"6.1.5\"><input type=\"hidden\" name=\"_wpcf7_locale\" value=\"sq\"><input type=\"hidden\" name=\"_wpcf7_unit_tag\" value=\"wpcf7-f232716-o1\"><input type=\"hidden\" name=\"_wpcf7_container_post\" value=\"0\"><input type=\"hidden\" name=\"_wpcf7_posted_data_hash\" value><input type=\"hidden\" name=\"_wpcf7cf_hidden_group_fields\" value=\"[]\"><input type=\"hidden\" name=\"_wpcf7cf_hidden_groups\" value=\"[]\"><input type=\"hidden\" name=\"_wpcf7cf_visible_groups\" value=\"[]\"><input type=\"hidden\" name=\"_wpcf7cf_repeaters\" value=\"[]\"><input type=\"hidden\" name=\"_wpcf7cf_steps\" value=\"{}\"><input type=\"hidden\" name=\"_wpcf7cf_options\" value=\"{&quot;form_id&quot;:232716,&quot;conditions&quot;:[],&quot;settings&quot;:{&quot;animation&quot;:&quot;yes&quot;,&quot;animation_intime&quot;:200,&quot;animation_outtime&quot;:200,&quot;conditions_ui&quot;:&quot;normal&quot;,&quot;notice_dismissed&quot;:false,&quot;notice_dismissed_rollback-cf7-5.8&quot;:true,&quot;notice_dismissed_rollback-cf7-5.8.1&quot;:true,&quot;notice_dismissed_rollback-cf7-5.8.3&quot;:true,&quot;notice_dismissed_rollback-cf7-5.8.4&quot;:true}}\">\n<\/fieldset>\n<div class=\"buy-form\">\n<h3>Formulari i kontaktit<\/h3>\n<p>I p\u00ebrgjig\u00adje\u00admi k\u00ebrkes\u00ebs suaj bren\u00adda 48 or\u00ebve n\u00eb dit\u00ebt e pun\u00ebs.<\/p>\n<div class=\"row\">\n<div class=\"col-md-5 contact-narrow-col\">\n  <div class=\"form-group\">\n    <label for=\"salutation\">Tit\u00adul\u00adli *<\/label>\n    <span class=\"wpcf7-form-control-wrap\" data-name=\"salutation\"><select class=\"wpcf7-form-control wpcf7-select wpcf7-validates-as-required form-control\" id=\"salutation\" aria-required=\"true\" aria-invalid=\"false\" name=\"salutation\"><option value>\u2014Ju lutemi, zgjidhni nj\u00eb mund\u00ebsi\u2014<\/option><option value=\"Zonj\u00eb\">Zonj\u00eb<\/option><option value=\"Zot\u00ebri\">Zot\u00ebri<\/option><option value=\"Tjet\u00ebr\">Tjet\u00ebr<\/option><\/select><\/span>\n  <\/div>\n  <div class=\"form-group\">\n    <label for=\"lbl-vorname\">Emri *<\/label>\n    <span class=\"wpcf7-form-control-wrap\" data-name=\"vorname\"><input size=\"40\" maxlength=\"400\" class=\"wpcf7-form-control wpcf7-text wpcf7-validates-as-required form-control\" id=\"lbl-vorname\" aria-required=\"true\" aria-invalid=\"false\" placeholder=\"Emri *\" value type=\"text\" name=\"vorname\"><\/span>\n  <\/div>\n  <div class=\"form-group\">\n    <label for=\"lbl-nachname\">Mbiem\u00adri *<\/label>\n    <span class=\"wpcf7-form-control-wrap\" data-name=\"nachname\"><input size=\"40\" maxlength=\"400\" class=\"wpcf7-form-control wpcf7-text wpcf7-validates-as-required form-control\" id=\"lbl-nachname\" aria-required=\"true\" aria-invalid=\"false\" placeholder=\"Mbiemri *\" value type=\"text\" name=\"nachname\"><\/span>\n  <\/div>\n  <div class=\"form-group\">\n    <label for=\"lbl-email\">E\u2011mail *<\/label>\n    <span class=\"wpcf7-form-control-wrap\" data-name=\"email\"><input size=\"40\" maxlength=\"400\" class=\"wpcf7-form-control wpcf7-email wpcf7-validates-as-required wpcf7-text wpcf7-validates-as-email form-control\" id=\"lbl-email\" aria-required=\"true\" aria-invalid=\"false\" placeholder=\"Adresa e e-mailit *\" value type=\"email\" name=\"email\"><\/span>\n  <\/div>\n  <div class=\"form-group\">\n    <label for=\"lbl-telefonnummer\">Num\u00adri i tele\u00adfonit *<\/label>\n    <span class=\"wpcf7-form-control-wrap\" data-name=\"telefonnummer\"><input size=\"40\" maxlength=\"400\" class=\"wpcf7-form-control wpcf7-tel wpcf7-validates-as-required wpcf7-text wpcf7-validates-as-tel form-control\" id=\"lbl-telefonnummer\" aria-required=\"true\" aria-invalid=\"false\" placeholder=\"Telefon ose celular *\" value type=\"tel\" name=\"telefonnummer\"><\/span>\n  <\/div>\n<\/div>\n<div class=\"col-md-7 contact-wide-col\">\n  <div class=\"form-group\">\n    <label for=\"lbl-betreff\">Tema *<\/label>\n    <span class=\"wpcf7-form-control-wrap\" data-name=\"betreff\"><input size=\"40\" maxlength=\"400\" class=\"wpcf7-form-control wpcf7-text wpcf7-validates-as-required form-control\" id=\"lbl-betreff\" aria-required=\"true\" aria-invalid=\"false\" placeholder=\"Tema *\" value=\"Kart\u00eb karburanti Autoshow Migrol\" type=\"text\" name=\"betreff\"><\/span>\n  <\/div>\n  <div class=\"form-group\">\n    <label for=\"lbl-nachricht\">Mesazhi *<\/label>\n    <span class=\"wpcf7-form-control-wrap\" data-name=\"nachricht\"><textarea cols=\"40\" rows=\"10\" maxlength=\"2000\" class=\"wpcf7-form-control wpcf7-textarea wpcf7-validates-as-required form-control\" id=\"lbl-nachricht\" aria-required=\"true\" aria-invalid=\"false\" placeholder=\"Mesazhi juaj *\" name=\"nachricht\"><\/textarea><\/span>\n  <\/div>\n  <span class=\"wpcf7-form-control-wrap\" data-name=\"acceptance\"><span class=\"wpcf7-form-control wpcf7-acceptance\"><span class=\"wpcf7-list-item\"><label><input type=\"checkbox\" name=\"acceptance\" value=\"1\" aria-invalid=\"false\"><span class=\"wpcf7-list-item-label\">Pra\u00adnoj <a target=\"_blank\" href=\"\/sq\/deklarata-e-privatesise\/\">poli\u00adtik\u00ebn e pri\u00advat\u00eb\u00adsis\u00eb<\/a> *<\/span><\/label><\/span><\/span><\/span>\n<\/div>\n<div class=\"col-md-12 btn-hold\">\n  <input class=\"wpcf7-form-control wpcf7-submit has-spinner button btn btn-primary\" type=\"submit\" value=\"D\u00ebrgo k\u00ebrkes\u00ebn\">\n<\/div>\n<\/div>\n<\/div><div class=\"wpcf7-response-output\" aria-hidden=\"true\"><\/div>\n<\/form>\n<\/div>\n\n<\/div>\n\n\n\n<div class=\"wp-block-column is-layout-flow wp-block-column-is-layout-flow\" style=\"flex-basis:30%\">\t\n\t\t\t\t\t\t<nav class=\"sidebar-nav\">\n\t\t\t<ul>\n\t\t\t\t\t\t\t\t\t\t\t\t\t\t<li><a href=\"https:\/\/autoshow.ch\/dienstleistungen\/auto-ankauf\/\">Bler\u00adje mak\u00adi\u00adnash<\/a><\/li>\n\t\t\t\t\t\t\t\t\t\t\t\t\t\t<li><a href=\"https:\/\/autoshow.ch\/dienstleistungen\/leasing-finanzierung\/\">Leas\u00ading \/ Financim<\/a><\/li>\n\t\t\t\t\t\t\t\t\t\t\t\t\t\t<li><a href=\"https:\/\/autoshow.ch\/dienstleistungen\/garantiepakete\/\">Pake\u00adtat e garan\u00adcis\u00eb<\/a><\/li>\n\t\t\t\t\t\t\t\t\t\t\t\t\t\t<li><a href=\"https:\/\/autoshow.ch\/dienstleistungen\/servicepakete\/\">Pake\u00adta Sh\u00ebr\u00adbi\u00admi<\/a><\/li>\n\t\t\t\t\t\t\t\t\t\t\t\t\t\t<li><a href=\"https:\/\/autoshow.ch\/dienstleistungen\/ablieferungspauschale\/\">Pake\u00adta e dor\u00ebzim\u00adit<\/a><\/li>\n\t\t\t\t\t\t\t\t\t\t\t\t\t\t<li><a href=\"https:\/\/autoshow.ch\/dienstleistungen\/tcs-pannenhilfe\/\">Asis\u00adtenc\u00eb rru\u00adgore e TCS<\/a><\/li>\n\t\t\t\t\t\t\t\t\t\t\t\t\t\t<li class=\"active\"><a href=\"https:\/\/autoshow.ch\/dienstleistungen\/tankkarte-autoshow-migrol\/\">Kart\u00eb kar\u00adbu\u00adran\u00adti Autoshow Migrol<\/a><\/li>\n\t\t\t\t\t\t\t\t\t\t\t\t\t\t<li><a href=\"https:\/\/autoshow.ch\/dienstleistungen\/zubehoer\/\">Aksesor\u00eb<\/a><\/li>\n\t\t\t\t\t\t\t\t\t\t\t\t\t\t<li><a href=\"https:\/\/autoshow.ch\/dienstleistungen\/online-werkstattplaner\/\">Plan\u00adi\u00adfikue\u00adsi i servis\u00adit online<\/a><\/li>\n\t\t\t\t\t\t\t\t\t\t\t\t\t\t<li><a href=\"https:\/\/autoshow.ch\/dienstleistungen\/direktimport-parallelimport\/\">Impor\u00adti direkt \/ Impor\u00adti para\u00adlel<\/a><\/li>\n\t\t\t\t\t\t\t\t\n\t\t\t<\/ul>\n\t\t<\/nav>\n\t\t<!-- .sidebar-nav -->\n\t\n\n\t\t<div class=\"person-box bg-gray\">\n\t\t<h3>Si mund t\u2019ju ndihmoj m\u00eb tej?<\/h3>\n\t\t<figure class=\"photo-box\">\n\t\t\t<img decoding=\"async\" src=\"https:\/\/autoshow.ch\/wp-content\/uploads\/2025\/12\/renat-uruqi-autoshow-aathal-ag-2.jpeg\" alt=\"Renat Uruqi\" class=\"lazyload\" loading=\"lazy\">\n\t\t<\/figure>\n\t\t<h4>Renat Uruqi<\/h4>\n\t\t<p class=\"role\">Verkauf<\/p>\n\t\t<p class=\"employee-langs\">DE, EN, SQ-AL<\/p>\n\t\t<ul class=\"contact-btns type2\">\n\t\t\t\t\t\t<li class=\"person-box-email\">\n\t\t\t\t<a href=\"mailto:ru@autoshow.ch\">\n\t\t\t\t\t<i class=\"fa-regular fa-envelope\" aria-hidden=\"true\"><\/i>\n\t\t\t\t\t<span class=\"tooltip-item\">ru@autoshow.ch<\/span>\n\t\t\t\t<\/a>\n\t\t\t<\/li>\n\t\t\t\t\t\t<li class=\"person-box-phone\">\n\t\t\t\t<a href=\"tel:41449330042\">\n\t\t\t\t\t<i class=\"fa fa-phone\" aria-hidden=\"true\"><\/i>\n\t\t\t\t\t<span class=\"tooltip-item\">+41 44 933 00 42<\/span>\n\t\t\t\t<\/a>\n\t\t\t<\/li>\n\t\t\t\t\t\t<li class=\"person-box-whatsapp\">\n\t\t\t\t<a href=\"https:\/\/api.whatsapp.com\/send?phone=41794220670\">\n\t\t\t\t\t<span class=\"icon\"><i class=\"fa-brands fa-whatsapp\"><\/i><\/span>\n\t\t\t\t\t<span class=\"tooltip-item\">+41 79 422 06 70<\/span>\n\t\t\t\t<\/a>\n\t\t\t<\/li>\n\t\t<\/ul>\n\t\t\t<\/div>\n<\/div>\n<\/div>\n<\/div><\/div>\n","protected":false},"excerpt":{"rendered":"<p>Kart\u00eb kar\u00adbu\u00adran\u00adti Migrol \u2013 mbush\u00adje kar\u00adbu\u00adran\u00adti pa para n\u00eb dor\u00eb me kushte pref\u2026<\/p>\n","protected":false},"author":31,"featured_media":228867,"parent":228511,"menu_order":70,"comment_status":"closed","ping_status":"closed","template":"","meta":{"_acf_changed":false,"inline_featured_image":false,"wp_typography_post_enhancements_disabled":false,"footnotes":""},"class_list":["post-228862","page","type-page","status-publish","has-post-thumbnail","hentry"],"acf":[],"yoast_head":"<!-- This site is optimized with the Yoast SEO plugin v27.4 - https:\/\/yoast.com\/product\/yoast-seo-wordpress\/ -->\n<title>Kart\u00eb karburanti Migrol | Kushte preferenciale p\u00ebr klient\u00ebt e Autoshow<\/title>\n<meta name=\"description\" content=\"Migrol Private Card: Mbushje karburanti dhe larje pa para n\u00eb dor\u00eb n\u00eb 370 pika karburanti. Zbritje direkt n\u00eb fatur\u00eb.\" \/>\n<meta name=\"robots\" content=\"noindex, follow, max-snippet:-1, max-image-preview:large, max-video-preview:-1\" \/>\n<meta property=\"og:locale\" content=\"sq_AL\" \/>\n<meta property=\"og:type\" content=\"article\" \/>\n<meta property=\"og:title\" content=\"Kart\u00eb karburanti Migrol | Kushte preferenciale p\u00ebr klient\u00ebt e Autoshow\" \/>\n<meta property=\"og:description\" content=\"Migrol Private Card: Mbushje karburanti dhe larje pa para n\u00eb dor\u00eb n\u00eb 370 pika karburanti. Zbritje direkt n\u00eb fatur\u00eb.\" \/>\n<meta property=\"og:url\" content=\"https:\/\/autoshow.ch\/sq\/sherbimet\/karte-karburanti-autoshow-migrol\/\" \/>\n<meta property=\"og:site_name\" content=\"Autoshow Aathal AG\" \/>\n<meta property=\"article:publisher\" content=\"https:\/\/www.facebook.com\/autoshow.ch\" \/>\n<meta property=\"article:modified_time\" content=\"2026-04-15T12:35:18+00:00\" \/>\n<meta property=\"og:image\" content=\"https:\/\/autoshow.ch\/wp-content\/uploads\/2026\/04\/tankkarte-autoshow-migrol-autoshow-aathal-ag-5.jpeg\" \/>\n\t<meta property=\"og:image:width\" content=\"1920\" \/>\n\t<meta property=\"og:image:height\" content=\"1280\" \/>\n\t<meta property=\"og:image:type\" content=\"image\/jpeg\" \/>\n<meta name=\"twitter:card\" content=\"summary_large_image\" \/>\n<!-- \/ Yoast SEO plugin. -->","yoast_head_json":{"title":"Kart\u00eb karburanti Migrol | Kushte preferenciale p\u00ebr klient\u00ebt e Autoshow","description":"Migrol Private Card: Mbushje karburanti dhe larje pa para n\u00eb dor\u00eb n\u00eb 370 pika karburanti. Zbritje direkt n\u00eb fatur\u00eb.","robots":{"index":"noindex","follow":"follow","max-snippet":"max-snippet:-1","max-image-preview":"max-image-preview:large","max-video-preview":"max-video-preview:-1"},"og_locale":"sq_AL","og_type":"article","og_title":"Kart\u00eb karburanti Migrol | Kushte preferenciale p\u00ebr klient\u00ebt e Autoshow","og_description":"Migrol Private Card: Mbushje karburanti dhe larje pa para n\u00eb dor\u00eb n\u00eb 370 pika karburanti. Zbritje direkt n\u00eb fatur\u00eb.","og_url":"https:\/\/autoshow.ch\/sq\/sherbimet\/karte-karburanti-autoshow-migrol\/","og_site_name":"Autoshow Aathal AG","article_publisher":"https:\/\/www.facebook.com\/autoshow.ch","article_modified_time":"2026-04-15T12:35:18+00:00","og_image":[{"width":1920,"height":1280,"url":"https:\/\/autoshow.ch\/wp-content\/uploads\/2026\/04\/tankkarte-autoshow-migrol-autoshow-aathal-ag-5.jpeg","type":"image\/jpeg"}],"twitter_card":"summary_large_image","schema":{"@context":"https:\/\/schema.org","@graph":[{"@type":"WebPage","@id":"https:\/\/autoshow.ch\/sq\/sherbimet\/karte-karburanti-autoshow-migrol\/","url":"https:\/\/autoshow.ch\/sq\/sherbimet\/karte-karburanti-autoshow-migrol\/","name":"Kart\u00eb karburanti Migrol | Kushte preferenciale p\u00ebr klient\u00ebt e Autoshow","isPartOf":{"@id":"https:\/\/autoshow.ch\/sq\/#website"},"primaryImageOfPage":{"@id":"https:\/\/autoshow.ch\/sq\/sherbimet\/karte-karburanti-autoshow-migrol\/#primaryimage"},"image":{"@id":"https:\/\/autoshow.ch\/sq\/sherbimet\/karte-karburanti-autoshow-migrol\/#primaryimage"},"thumbnailUrl":"https:\/\/autoshow.ch\/wp-content\/uploads\/2026\/04\/tankkarte-autoshow-migrol-autoshow-aathal-ag-5.jpeg","datePublished":"2026-03-20T13:58:25+00:00","dateModified":"2026-04-15T12:35:18+00:00","description":"Migrol Private Card: Mbushje karburanti dhe larje pa para n\u00eb dor\u00eb n\u00eb 370 pika karburanti. Zbritje direkt n\u00eb fatur\u00eb.","breadcrumb":{"@id":"https:\/\/autoshow.ch\/sq\/sherbimet\/karte-karburanti-autoshow-migrol\/#breadcrumb"},"inLanguage":"sq","potentialAction":[{"@type":"ReadAction","target":["https:\/\/autoshow.ch\/sq\/sherbimet\/karte-karburanti-autoshow-migrol\/"]}]},{"@type":"ImageObject","inLanguage":"sq","@id":"https:\/\/autoshow.ch\/sq\/sherbimet\/karte-karburanti-autoshow-migrol\/#primaryimage","url":"https:\/\/autoshow.ch\/wp-content\/uploads\/2026\/04\/tankkarte-autoshow-migrol-autoshow-aathal-ag-5.jpeg","contentUrl":"https:\/\/autoshow.ch\/wp-content\/uploads\/2026\/04\/tankkarte-autoshow-migrol-autoshow-aathal-ag-5.jpeg","width":1920,"height":1280,"caption":"Kart\u00eb karburanti Autoshow Migrol - Autoshow Aathal AG bei Uster bietet g\u00fcnstige Occasionen und Neuwagen"},{"@type":"BreadcrumbList","@id":"https:\/\/autoshow.ch\/sq\/sherbimet\/karte-karburanti-autoshow-migrol\/#breadcrumb","itemListElement":[{"@type":"ListItem","position":1,"name":"Startseite","item":"https:\/\/autoshow.ch\/sq\/"},{"@type":"ListItem","position":2,"name":"Sh\u00ebrbimet","item":"https:\/\/autoshow.ch\/sq\/sherbimet\/"},{"@type":"ListItem","position":3,"name":"Kart\u00eb karburanti Autoshow Migrol"}]},{"@type":"WebSite","@id":"https:\/\/autoshow.ch\/sq\/#website","url":"https:\/\/autoshow.ch\/sq\/","name":"Autoshow Aathal AG","description":"bei Uster bietet g\u00fcnstige Occasionen und Neuwagen","publisher":{"@id":"https:\/\/autoshow.ch\/sq\/#organization"},"alternateName":"Autoshow","potentialAction":[{"@type":"SearchAction","target":{"@type":"EntryPoint","urlTemplate":"https:\/\/autoshow.ch\/sq\/?s={search_term_string}"},"query-input":{"@type":"PropertyValueSpecification","valueRequired":true,"valueName":"search_term_string"}}],"inLanguage":"sq"},{"@type":"Organization","@id":"https:\/\/autoshow.ch\/sq\/#organization","name":"Autoshow Aathal AG","alternateName":"Autoshow","url":"https:\/\/autoshow.ch\/sq\/","logo":{"@type":"ImageObject","inLanguage":"sq","@id":"https:\/\/autoshow.ch\/sq\/#\/schema\/logo\/image\/","url":"https:\/\/autoshow.ch\/wp-content\/uploads\/2025\/12\/autoshow-aathal-ag-logo@696x696.png","contentUrl":"https:\/\/autoshow.ch\/wp-content\/uploads\/2025\/12\/autoshow-aathal-ag-logo@696x696.png","width":696,"height":696,"caption":"Autoshow Aathal AG"},"image":{"@id":"https:\/\/autoshow.ch\/sq\/#\/schema\/logo\/image\/"},"sameAs":["https:\/\/www.facebook.com\/autoshow.ch","https:\/\/www.instagram.com\/autoshow_aathal\/","https:\/\/www.linkedin.com\/company\/autoshow-aathal-ag","https:\/\/www.youtube.com\/user\/AutoshowAathal"]}]}},"_links":{"self":[{"href":"https:\/\/autoshow.ch\/sq\/wp-json\/wp\/v2\/pages\/228862","targetHints":{"allow":["GET"]}}],"collection":[{"href":"https:\/\/autoshow.ch\/sq\/wp-json\/wp\/v2\/pages"}],"about":[{"href":"https:\/\/autoshow.ch\/sq\/wp-json\/wp\/v2\/types\/page"}],"author":[{"embeddable":true,"href":"https:\/\/autoshow.ch\/sq\/wp-json\/wp\/v2\/users\/31"}],"replies":[{"embeddable":true,"href":"https:\/\/autoshow.ch\/sq\/wp-json\/wp\/v2\/comments?post=228862"}],"version-history":[{"count":2,"href":"https:\/\/autoshow.ch\/sq\/wp-json\/wp\/v2\/pages\/228862\/revisions"}],"predecessor-version":[{"id":232876,"href":"https:\/\/autoshow.ch\/sq\/wp-json\/wp\/v2\/pages\/228862\/revisions\/232876"}],"up":[{"embeddable":true,"href":"https:\/\/autoshow.ch\/sq\/wp-json\/wp\/v2\/pages\/228511"}],"wp:featuredmedia":[{"embeddable":true,"href":"https:\/\/autoshow.ch\/sq\/wp-json\/wp\/v2\/media\/228867"}],"wp:attachment":[{"href":"https:\/\/autoshow.ch\/sq\/wp-json\/wp\/v2\/media?parent=228862"}],"curies":[{"name":"wp","href":"https:\/\/api.w.org\/{rel}","templated":true}]}}