{"id":228568,"date":"2026-03-25T16:57:36","date_gmt":"2026-03-25T15:57:36","guid":{"rendered":"https:\/\/autoshow.ch\/carros-eletricos\/estacao-de-carregamento-movel-para-levar\/"},"modified":"2026-04-15T10:26:31","modified_gmt":"2026-04-15T08:26:31","slug":"estacao-de-carregamento-movel-para-levar","status":"publish","type":"page","link":"https:\/\/autoshow.ch\/pt-pt\/carros-eletricos\/estacao-de-carregamento-movel-para-levar\/","title":{"rendered":"Esta\u00e7\u00e3o de carregamento m\u00f3vel para levar"},"content":{"rendered":"\t<header class=\"visual-title\">\n\t\t\t\t\t<img decoding=\"async\" class=\"lazyload\" src=\"https:\/\/autoshow.ch\/wp-content\/uploads\/2026\/04\/mobile-ladestation-fuer-unterwegs-autoshow-aathal-ag-3-e1775573719676.jpeg\" alt=\"Esta\u00e7\u00e3o de carregamento m\u00f3vel para levar - Autoshow Aathal AG bei Uster bietet g\u00fcnstige Occasionen und Neuwagen 1\" loading=\"lazy\">\n\t\t\t\t\n\t\t\t\t\t\n\n\n\n\t<\/header><!-- \/ visual-title -->\n\n\n\n<div class=\"wp-block-group md-group\"><div class=\"wp-block-group__inner-container is-layout-constrained wp-block-group-is-layout-constrained\">\t<div class=\"breadcrumbs-section container\">\n\t\t<ul class=\"breadcrumb\">\n\t\t\t<li class=\"breadcrumb-item\"><a property=\"item\" typeof=\"WebPage\" title=\"Go to Autoshow Aathal AG.\" href=\"https:\/\/autoshow.ch\/pt-pt\/\" class=\"home\"><span property=\"name\">Start\u00adseite<\/span><\/a><meta property=\"position\" content=\"1\"><\/li><li class=\"breadcrumb-item\"><a property=\"item\" typeof=\"WebPage\" title=\"Go to Not\u00edcias.\" href=\"https:\/\/autoshow.ch\/pt-pt\/noticias\/\" class=\"post-root post post-post\" aria-current=\"page\"><span property=\"name\">Not\u00ed\u00adcias<\/span><\/a><meta property=\"position\" content=\"2\"><\/li>\t\t<\/ul>\n\t<\/div>\n<!-- \/.breadcrumbs-section -->\n\n\n<div class=\"page-title-section container\">\n\t\t\t<h1>Esta\u00e7\u00e3o de carregamento m\u00f3vel para levar<\/h1>\n\t<\/div>\n<!-- \/.page-title-section -->\n\n\n\n<div class=\"wp-block-columns is-layout-flex wp-container-core-columns-is-layout-9d6595d7 wp-block-columns-is-layout-flex\">\n<div class=\"wp-block-column is-layout-flow wp-block-column-is-layout-flow\" style=\"flex-basis:70%\">\n<h2 class=\"wp-block-heading\">Esta\u00e7\u00e3o de carregamento m\u00f3vel JUICE BOOSTER 2 \u2013 carrega em qualquer lugar<\/h2>\n\n\n<p class=\"type-size-2\">\n\t\t\tA sofisti\u00adca\u00adda esta\u00e7\u00e3o de car\u00adrega\u00admen\u00adto m\u00f3v\u00adel da Juice Tech\u00adnol\u00ado\u00adgy ofer\u00adece o pacote com\u00adple\u00adto mais con\u00adve\u00adniente e flex\u00edv\u00adel para con\u00addu\u00adtores de car\u00adros el\u00e9tri\u00adcos.<br>\n\t<\/p>\n\n\n\n<p>As tomadas dom\u00e9s\u00adti\u00adcas con\u00adven\u00adcionais n\u00e3o foram con\u00adce\u00adbidas para fornecer ener\u00adgia a ple\u00adna car\u00adga durante v\u00e1rias horas. Uma oper\u00ada\u00e7\u00e3o extrema\u00admente sim\u00adples com\u00adbi\u00adna\u00adda com com\u00adpo\u00adnentes extrema\u00admente robus\u00adtos fazem do JUICE BOOSTER 2 uma das esta\u00e7\u00f5es de car\u00adrega\u00admen\u00adto m\u00f3veis l\u00edderes na sua classe. <\/p>\n\n\n\t<figure class=\"img-block\">\n\t\t<img decoding=\"async\" src=\"https:\/\/autoshow.ch\/wp-content\/uploads\/2026\/03\/ladestationen-finden-tcs-echarge-app-autoshow-aathal-ag.jpg\" alt=\"Esta\u00e7\u00e3o de carregamento m\u00f3vel para levar - Autoshow Aathal AG bei Uster bietet g\u00fcnstige Occasionen und Neuwagen 5\" loading=\"lazy\" class=\"lazyload\">\n\t\t\t\t\t\t\n\t<\/figure>\n\n\n\n\n<h2 class=\"wp-block-heading\">Porque preciso de uma esta\u00e7\u00e3o de carregamento m\u00f3vel?<\/h2>\n\n\n\n<p>Os nos\u00adsos ve\u00edcu\u00adlos el\u00e9tri\u00adcos da UE v\u00eam com v\u00e1rios cabos de car\u00adrega\u00admen\u00adto de s\u00e9rie que nem sem\u00adpre s\u00e3o ade\u00adqua\u00addos para o mer\u00adca\u00addo su\u00ed\u00e7o. O JUICE BOOSTER 2 resolve este prob\u00adle\u00adma e per\u00admite um car\u00adrega\u00admen\u00adto flex\u00edv\u00adel em qual\u00adquer toma\u00adda. <\/p>\n\n\n\n<p>Aqui encon\u00adtrar\u00e1s todos os pro\u00addu\u00adtos necess\u00e1rios para um car\u00adrega\u00admen\u00adto despre\u00adocu\u00adpa\u00addo em todas as tomadas dom\u00e9s\u00adti\u00adcas e indus\u00adtri\u00adais.<\/p>\n\n\n\n<div style=\"height:50px\" aria-hidden=\"true\" class=\"wp-block-spacer\"><\/div>\n\n\n\n<h6 class=\"wp-block-heading\">Os nossos parceiros para esta\u00e7\u00f5es de carregamento m\u00f3veis<\/h6>\n\n\n                <div class=\"row partners-grid\">\n             \n                 \n                               \n                <div class=\"col-lg-4 col-md-6 d-flex\">\n                    <a target=\"_blank\" href=\"https:\/\/juice.world\/collections\/juice-booster-2\" class=\"partner-card\">\n                                                    \n                            <figure class=\"img\">\n                                <img decoding=\"async\" src=\"https:\/\/autoshow.ch\/wp-content\/uploads\/2026\/03\/juice-booster-autoshow-aathal-ag.avif\" alt=\"JUICE BOOSTER\" loading=\"lazy\" class=\"lazyload\">\n                            <\/figure>\n                                                <span class=\"descr\">\n                            <h3>JUICE BOOSTER<\/h3>\n                                                            <p>die mobile Ladesta\u00adtion<\/p>\n                                                        \n                        <\/span>\n                    <\/a>\n                <\/div>\n                        \n        <\/div>\n    \n\n\n\n<hr class=\"wp-block-separator has-alpha-channel-opacity is-style-wide\">\n\n\n\n<div class=\"wpcf7 no-js\" id=\"wpcf7-f232720-o1\" lang=\"pt-PT\" dir=\"ltr\" data-wpcf7-id=\"232720\">\n<div class=\"screen-reader-response\"><p role=\"status\" aria-live=\"polite\" aria-atomic=\"true\"><\/p> <ul><\/ul><\/div>\n<form action=\"\/pt-pt\/wp-json\/wp\/v2\/pages\/228568#wpcf7-f232720-o1\" method=\"post\" class=\"wpcf7-form init\" aria-label=\"Formul\u00e1rio de contacto\" novalidate=\"novalidate\" data-status=\"init\">\n<fieldset class=\"hidden-fields-container\"><input type=\"hidden\" name=\"_wpcf7\" value=\"232720\"><input type=\"hidden\" name=\"_wpcf7_version\" value=\"6.1.5\"><input type=\"hidden\" name=\"_wpcf7_locale\" value=\"pt_PT\"><input type=\"hidden\" name=\"_wpcf7_unit_tag\" value=\"wpcf7-f232720-o1\"><input type=\"hidden\" name=\"_wpcf7_container_post\" value=\"0\"><input type=\"hidden\" name=\"_wpcf7_posted_data_hash\" value><input type=\"hidden\" name=\"_wpcf7cf_hidden_group_fields\" value=\"[]\"><input type=\"hidden\" name=\"_wpcf7cf_hidden_groups\" value=\"[]\"><input type=\"hidden\" name=\"_wpcf7cf_visible_groups\" value=\"[]\"><input type=\"hidden\" name=\"_wpcf7cf_repeaters\" value=\"[]\"><input type=\"hidden\" name=\"_wpcf7cf_steps\" value=\"{}\"><input type=\"hidden\" name=\"_wpcf7cf_options\" value=\"{&quot;form_id&quot;:232720,&quot;conditions&quot;:[],&quot;settings&quot;:{&quot;animation&quot;:&quot;yes&quot;,&quot;animation_intime&quot;:200,&quot;animation_outtime&quot;:200,&quot;conditions_ui&quot;:&quot;normal&quot;,&quot;notice_dismissed&quot;:false,&quot;notice_dismissed_rollback-cf7-5.8&quot;:true,&quot;notice_dismissed_rollback-cf7-5.8.1&quot;:true,&quot;notice_dismissed_rollback-cf7-5.8.3&quot;:true,&quot;notice_dismissed_rollback-cf7-5.8.4&quot;:true}}\">\n<\/fieldset>\n<div class=\"buy-form\">\n<h3>Formul\u00e1rio de contacto<\/h3>\n<p>Respon\u00addemos ao seu pedi\u00addo no pra\u00adzo de 48 horas em dias \u00fateis.<\/p>\n<div class=\"row\">\n<div class=\"col-md-5 contact-narrow-col\">\n  <div class=\"form-group\">\n    <label for=\"salutation\">Trata\u00admen\u00adto *<\/label>\n    <span class=\"wpcf7-form-control-wrap\" data-name=\"salutation\"><select class=\"wpcf7-form-control wpcf7-select wpcf7-validates-as-required form-control\" id=\"salutation\" aria-required=\"true\" aria-invalid=\"false\" name=\"salutation\"><option value>\u2014Por favor escolha uma op\u00e7\u00e3o\u2014<\/option><option value=\"Senhora\">Senhora<\/option><option value=\"Senhor\">Senhor<\/option><option value=\"Outro\">Outro<\/option><\/select><\/span>\n  <\/div>\n  <div class=\"form-group\">\n    <label for=\"lbl-vorname\">Nome pr\u00f3prio *<\/label>\n    <span class=\"wpcf7-form-control-wrap\" data-name=\"vorname\"><input size=\"40\" maxlength=\"400\" class=\"wpcf7-form-control wpcf7-text wpcf7-validates-as-required form-control\" id=\"lbl-vorname\" aria-required=\"true\" aria-invalid=\"false\" placeholder=\"Nome pr\u00f3prio *\" value type=\"text\" name=\"vorname\"><\/span>\n  <\/div>\n  <div class=\"form-group\">\n    <label for=\"lbl-nachname\">Apeli\u00addo *<\/label>\n    <span class=\"wpcf7-form-control-wrap\" data-name=\"nachname\"><input size=\"40\" maxlength=\"400\" class=\"wpcf7-form-control wpcf7-text wpcf7-validates-as-required form-control\" id=\"lbl-nachname\" aria-required=\"true\" aria-invalid=\"false\" placeholder=\"Apelido *\" value type=\"text\" name=\"nachname\"><\/span>\n  <\/div>\n  <div class=\"form-group\">\n    <label for=\"lbl-email\">E\u2011mail *<\/label>\n    <span class=\"wpcf7-form-control-wrap\" data-name=\"email\"><input size=\"40\" maxlength=\"400\" class=\"wpcf7-form-control wpcf7-email wpcf7-validates-as-required wpcf7-text wpcf7-validates-as-email form-control\" id=\"lbl-email\" aria-required=\"true\" aria-invalid=\"false\" placeholder=\"Endere\u00e7o de e-mail *\" value type=\"email\" name=\"email\"><\/span>\n  <\/div>\n  <div class=\"form-group\">\n    <label for=\"lbl-telefonnummer\">N\u00famero de tele\u00adfone *<\/label>\n    <span class=\"wpcf7-form-control-wrap\" data-name=\"telefonnummer\"><input size=\"40\" maxlength=\"400\" class=\"wpcf7-form-control wpcf7-tel wpcf7-validates-as-required wpcf7-text wpcf7-validates-as-tel form-control\" id=\"lbl-telefonnummer\" aria-required=\"true\" aria-invalid=\"false\" placeholder=\"Telefone ou telem\u00f3vel *\" value type=\"tel\" name=\"telefonnummer\"><\/span>\n  <\/div>\n<\/div>\n<div class=\"col-md-7 contact-wide-col\">\n  <div class=\"form-group\">\n    <label for=\"lbl-betreff\">Assun\u00adto *<\/label>\n    <span class=\"wpcf7-form-control-wrap\" data-name=\"betreff\"><input size=\"40\" maxlength=\"400\" class=\"wpcf7-form-control wpcf7-text wpcf7-validates-as-required form-control\" id=\"lbl-betreff\" aria-required=\"true\" aria-invalid=\"false\" placeholder=\"Assunto *\" value=\"Esta\u00e7\u00e3o de carregamento m\u00f3vel para levar\" type=\"text\" name=\"betreff\"><\/span>\n  <\/div>\n  <div class=\"form-group\">\n    <label for=\"lbl-nachricht\">Men\u00adsagem *<\/label>\n    <span class=\"wpcf7-form-control-wrap\" data-name=\"nachricht\"><textarea cols=\"40\" rows=\"10\" maxlength=\"2000\" class=\"wpcf7-form-control wpcf7-textarea wpcf7-validates-as-required form-control\" id=\"lbl-nachricht\" aria-required=\"true\" aria-invalid=\"false\" placeholder=\"A sua mensagem *\" name=\"nachricht\"><\/textarea><\/span>\n  <\/div>\n  <span class=\"wpcf7-form-control-wrap\" data-name=\"acceptance\"><span class=\"wpcf7-form-control wpcf7-acceptance\"><span class=\"wpcf7-list-item\"><label><input type=\"checkbox\" name=\"acceptance\" value=\"1\" aria-invalid=\"false\"><span class=\"wpcf7-list-item-label\">Aceito a <a target=\"_blank\" href=\"https:\/\/autoshow.ch\/politica-de-privacidade\/\">pol\u00edti\u00adca de pri\u00advaci\u00addade<\/a> *<\/span><\/label><\/span><\/span><\/span>\n<\/div>\n<div class=\"col-md-12 btn-hold\">\n  <input class=\"wpcf7-form-control wpcf7-submit has-spinner button btn btn-primary\" type=\"submit\" value=\"Enviar pedido\">\n<\/div>\n<\/div>\n<\/div><div class=\"wpcf7-response-output\" aria-hidden=\"true\"><\/div>\n<\/form>\n<\/div>\n\n<\/div>\n\n\n\n<div class=\"wp-block-column is-layout-flow wp-block-column-is-layout-flow\" style=\"flex-basis:30%\">\t\n\t\t\t\t\t\t<nav class=\"sidebar-nav\">\n\t\t\t<ul>\n\t\t\t\t\t\t\t\t\t\t\t\t\t\t<li><a href=\"https:\/\/autoshow.ch\/autos\/unsere-elektroautos\/\">Car\u00adros el\u00e9tri\u00adcos<\/a><\/li>\n\t\t\t\t\t\t\t\t\t\t\t\t\t\t<li><a href=\"https:\/\/autoshow.ch\/elektroautos\/elektromobilitaet-ratgeber\/\">Guia de mobil\u00adi\u00addade el\u00e9tri\u00adca<\/a><\/li>\n\t\t\t\t\t\t\t\t\t\t\t\t\t\t<li><a href=\"https:\/\/autoshow.ch\/elektroautos\/ladestationen-fuer-zu-hause\/\">Esta\u00e7\u00f5es de car\u00adrega\u00admen\u00adto para casa<\/a><\/li>\n\t\t\t\t\t\t\t\t\t\t\t\t\t\t<li><a href=\"https:\/\/autoshow.ch\/elektroautos\/ladestationen-finden\/\">Encon\u00adtrar esta\u00e7\u00f5es de car\u00adrega\u00admen\u00adto \u2014 TCS eCharge APP<\/a><\/li>\n\t\t\t\t\t\t\t\t\t\t\t\t\t\t<li class=\"active\"><a href=\"https:\/\/autoshow.ch\/elektroautos\/mobile-ladestation-fuer-unterwegs\/\">Esta\u00e7\u00e3o de car\u00adrega\u00admen\u00adto m\u00f3v\u00adel para levar<\/a><\/li>\n\t\t\t\t\t\t\t\t\n\t\t\t<\/ul>\n\t\t<\/nav>\n\t\t<!-- .sidebar-nav -->\n\t\n\n\t\t<div class=\"person-box bg-gray\">\n\t\t<h3>Como te posso ajudar mais?<\/h3>\n\t\t<figure class=\"photo-box\">\n\t\t\t<img decoding=\"async\" src=\"https:\/\/autoshow.ch\/wp-content\/uploads\/2025\/12\/renat-uruqi-autoshow-aathal-ag-2.jpeg\" alt=\"Renat Uruqi\" class=\"lazyload\" loading=\"lazy\">\n\t\t<\/figure>\n\t\t<h4>Renat Uruqi<\/h4>\n\t\t<p class=\"role\">Verkauf<\/p>\n\t\t<p class=\"employee-langs\">DE, EN, SQ-AL<\/p>\n\t\t<ul class=\"contact-btns type2\">\n\t\t\t\t\t\t<li class=\"person-box-email\">\n\t\t\t\t<a href=\"mailto:ru@autoshow.ch\">\n\t\t\t\t\t<i class=\"fa-regular fa-envelope\" aria-hidden=\"true\"><\/i>\n\t\t\t\t\t<span class=\"tooltip-item\">ru@autoshow.ch<\/span>\n\t\t\t\t<\/a>\n\t\t\t<\/li>\n\t\t\t\t\t\t<li class=\"person-box-phone\">\n\t\t\t\t<a href=\"tel:41449330042\">\n\t\t\t\t\t<i class=\"fa fa-phone\" aria-hidden=\"true\"><\/i>\n\t\t\t\t\t<span class=\"tooltip-item\">+41 44 933 00 42<\/span>\n\t\t\t\t<\/a>\n\t\t\t<\/li>\n\t\t\t\t\t\t<li class=\"person-box-whatsapp\">\n\t\t\t\t<a href=\"https:\/\/api.whatsapp.com\/send?phone=41794220670\">\n\t\t\t\t\t<span class=\"icon\"><i class=\"fa-brands fa-whatsapp\"><\/i><\/span>\n\t\t\t\t\t<span class=\"tooltip-item\">+41 79 422 06 70<\/span>\n\t\t\t\t<\/a>\n\t\t\t<\/li>\n\t\t<\/ul>\n\t\t\t<\/div>\n<\/div>\n<\/div>\n<\/div><\/div>\n","protected":false},"excerpt":{"rendered":"<p>Esta\u00e7\u00e3o de car\u00adrega\u00admen\u00adto m\u00f3v\u00adel JUICE BOOSTER 2 \u2013 car\u00adrega em qual\u00adquer lugar As toma\u2026<\/p>\n","protected":false},"author":31,"featured_media":228574,"parent":226932,"menu_order":30,"comment_status":"closed","ping_status":"closed","template":"","meta":{"_acf_changed":false,"inline_featured_image":false,"wp_typography_post_enhancements_disabled":false,"footnotes":""},"class_list":["post-228568","page","type-page","status-publish","has-post-thumbnail","hentry"],"acf":[],"yoast_head":"<!-- This site is optimized with the Yoast SEO plugin v27.4 - https:\/\/yoast.com\/product\/yoast-seo-wordpress\/ -->\n<title>Esta\u00e7\u00e3o de carregamento m\u00f3vel JUICE BOOSTER 2 | Autoshow Aathal<\/title>\n<meta name=\"description\" content=\"A esta\u00e7\u00e3o de carregamento m\u00f3vel da Juice Technology oferece o pacote completo mais conveniente e flex\u00edvel para carros el\u00e9tricos. - Juice Booster 2!\" \/>\n<meta name=\"robots\" content=\"index, follow, max-snippet:-1, max-image-preview:large, max-video-preview:-1\" \/>\n<link rel=\"canonical\" href=\"https:\/\/autoshow.ch\/pt-pt\/carros-eletricos\/estacao-de-carregamento-movel-para-levar\/\" \/>\n<meta property=\"og:locale\" content=\"pt_PT\" \/>\n<meta property=\"og:type\" content=\"article\" \/>\n<meta property=\"og:title\" content=\"Esta\u00e7\u00e3o de carregamento m\u00f3vel JUICE BOOSTER 2 | Autoshow Aathal\" \/>\n<meta property=\"og:description\" content=\"A esta\u00e7\u00e3o de carregamento m\u00f3vel da Juice Technology oferece o pacote completo mais conveniente e flex\u00edvel para carros el\u00e9tricos. - Juice Booster 2!\" \/>\n<meta property=\"og:url\" content=\"https:\/\/autoshow.ch\/pt-pt\/carros-eletricos\/estacao-de-carregamento-movel-para-levar\/\" \/>\n<meta property=\"og:site_name\" content=\"Autoshow Aathal AG\" \/>\n<meta property=\"article:publisher\" content=\"https:\/\/www.facebook.com\/autoshow.ch\" \/>\n<meta property=\"article:modified_time\" content=\"2026-04-15T08:26:31+00:00\" \/>\n<meta property=\"og:image\" content=\"https:\/\/autoshow.ch\/wp-content\/uploads\/2026\/04\/mobile-ladestation-fuer-unterwegs-autoshow-aathal-ag-4.jpeg\" \/>\n\t<meta property=\"og:image:width\" content=\"1920\" \/>\n\t<meta property=\"og:image:height\" content=\"1076\" \/>\n\t<meta property=\"og:image:type\" content=\"image\/jpeg\" \/>\n<meta name=\"twitter:card\" content=\"summary_large_image\" \/>\n<!-- \/ Yoast SEO plugin. -->","yoast_head_json":{"title":"Esta\u00e7\u00e3o de carregamento m\u00f3vel JUICE BOOSTER 2 | Autoshow Aathal","description":"A esta\u00e7\u00e3o de carregamento m\u00f3vel da Juice Technology oferece o pacote completo mais conveniente e flex\u00edvel para carros el\u00e9tricos. - Juice Booster 2!","robots":{"index":"index","follow":"follow","max-snippet":"max-snippet:-1","max-image-preview":"max-image-preview:large","max-video-preview":"max-video-preview:-1"},"canonical":"https:\/\/autoshow.ch\/pt-pt\/carros-eletricos\/estacao-de-carregamento-movel-para-levar\/","og_locale":"pt_PT","og_type":"article","og_title":"Esta\u00e7\u00e3o de carregamento m\u00f3vel JUICE BOOSTER 2 | Autoshow Aathal","og_description":"A esta\u00e7\u00e3o de carregamento m\u00f3vel da Juice Technology oferece o pacote completo mais conveniente e flex\u00edvel para carros el\u00e9tricos. - Juice Booster 2!","og_url":"https:\/\/autoshow.ch\/pt-pt\/carros-eletricos\/estacao-de-carregamento-movel-para-levar\/","og_site_name":"Autoshow Aathal AG","article_publisher":"https:\/\/www.facebook.com\/autoshow.ch","article_modified_time":"2026-04-15T08:26:31+00:00","og_image":[{"width":1920,"height":1076,"url":"https:\/\/autoshow.ch\/wp-content\/uploads\/2026\/04\/mobile-ladestation-fuer-unterwegs-autoshow-aathal-ag-4.jpeg","type":"image\/jpeg"}],"twitter_card":"summary_large_image","schema":{"@context":"https:\/\/schema.org","@graph":[{"@type":"WebPage","@id":"https:\/\/autoshow.ch\/pt-pt\/carros-eletricos\/estacao-de-carregamento-movel-para-levar\/","url":"https:\/\/autoshow.ch\/pt-pt\/carros-eletricos\/estacao-de-carregamento-movel-para-levar\/","name":"Esta\u00e7\u00e3o de carregamento m\u00f3vel JUICE BOOSTER 2 | Autoshow Aathal","isPartOf":{"@id":"https:\/\/autoshow.ch\/pt-pt\/#website"},"primaryImageOfPage":{"@id":"https:\/\/autoshow.ch\/pt-pt\/carros-eletricos\/estacao-de-carregamento-movel-para-levar\/#primaryimage"},"image":{"@id":"https:\/\/autoshow.ch\/pt-pt\/carros-eletricos\/estacao-de-carregamento-movel-para-levar\/#primaryimage"},"thumbnailUrl":"https:\/\/autoshow.ch\/wp-content\/uploads\/2026\/04\/mobile-ladestation-fuer-unterwegs-autoshow-aathal-ag-4.jpeg","datePublished":"2026-03-25T15:57:36+00:00","dateModified":"2026-04-15T08:26:31+00:00","description":"A esta\u00e7\u00e3o de carregamento m\u00f3vel da Juice Technology oferece o pacote completo mais conveniente e flex\u00edvel para carros el\u00e9tricos. - Juice Booster 2!","breadcrumb":{"@id":"https:\/\/autoshow.ch\/pt-pt\/carros-eletricos\/estacao-de-carregamento-movel-para-levar\/#breadcrumb"},"inLanguage":"pt-PT","potentialAction":[{"@type":"ReadAction","target":["https:\/\/autoshow.ch\/pt-pt\/carros-eletricos\/estacao-de-carregamento-movel-para-levar\/"]}]},{"@type":"ImageObject","inLanguage":"pt-PT","@id":"https:\/\/autoshow.ch\/pt-pt\/carros-eletricos\/estacao-de-carregamento-movel-para-levar\/#primaryimage","url":"https:\/\/autoshow.ch\/wp-content\/uploads\/2026\/04\/mobile-ladestation-fuer-unterwegs-autoshow-aathal-ag-4.jpeg","contentUrl":"https:\/\/autoshow.ch\/wp-content\/uploads\/2026\/04\/mobile-ladestation-fuer-unterwegs-autoshow-aathal-ag-4.jpeg","width":1920,"height":1076,"caption":"Esta\u00e7\u00e3o de carregamento m\u00f3vel para levar - Autoshow Aathal AG bei Uster bietet g\u00fcnstige Occasionen und Neuwagen"},{"@type":"BreadcrumbList","@id":"https:\/\/autoshow.ch\/pt-pt\/carros-eletricos\/estacao-de-carregamento-movel-para-levar\/#breadcrumb","itemListElement":[{"@type":"ListItem","position":1,"name":"Startseite","item":"https:\/\/autoshow.ch\/pt-pt\/"},{"@type":"ListItem","position":2,"name":"Carros el\u00e9tricos","item":"https:\/\/autoshow.ch\/pt-pt\/carros-eletricos\/"},{"@type":"ListItem","position":3,"name":"Esta\u00e7\u00e3o de carregamento m\u00f3vel para levar"}]},{"@type":"WebSite","@id":"https:\/\/autoshow.ch\/pt-pt\/#website","url":"https:\/\/autoshow.ch\/pt-pt\/","name":"Autoshow Aathal AG","description":"bei Uster bietet g\u00fcnstige Occasionen und Neuwagen","publisher":{"@id":"https:\/\/autoshow.ch\/pt-pt\/#organization"},"alternateName":"Autoshow","potentialAction":[{"@type":"SearchAction","target":{"@type":"EntryPoint","urlTemplate":"https:\/\/autoshow.ch\/pt-pt\/?s={search_term_string}"},"query-input":{"@type":"PropertyValueSpecification","valueRequired":true,"valueName":"search_term_string"}}],"inLanguage":"pt-PT"},{"@type":"Organization","@id":"https:\/\/autoshow.ch\/pt-pt\/#organization","name":"Autoshow Aathal AG","alternateName":"Autoshow","url":"https:\/\/autoshow.ch\/pt-pt\/","logo":{"@type":"ImageObject","inLanguage":"pt-PT","@id":"https:\/\/autoshow.ch\/pt-pt\/#\/schema\/logo\/image\/","url":"https:\/\/autoshow.ch\/wp-content\/uploads\/2025\/12\/autoshow-aathal-ag-logo@696x696.png","contentUrl":"https:\/\/autoshow.ch\/wp-content\/uploads\/2025\/12\/autoshow-aathal-ag-logo@696x696.png","width":696,"height":696,"caption":"Autoshow Aathal AG"},"image":{"@id":"https:\/\/autoshow.ch\/pt-pt\/#\/schema\/logo\/image\/"},"sameAs":["https:\/\/www.facebook.com\/autoshow.ch","https:\/\/www.instagram.com\/autoshow_aathal\/","https:\/\/www.linkedin.com\/company\/autoshow-aathal-ag","https:\/\/www.youtube.com\/user\/AutoshowAathal"]}]}},"_links":{"self":[{"href":"https:\/\/autoshow.ch\/pt-pt\/wp-json\/wp\/v2\/pages\/228568","targetHints":{"allow":["GET"]}}],"collection":[{"href":"https:\/\/autoshow.ch\/pt-pt\/wp-json\/wp\/v2\/pages"}],"about":[{"href":"https:\/\/autoshow.ch\/pt-pt\/wp-json\/wp\/v2\/types\/page"}],"author":[{"embeddable":true,"href":"https:\/\/autoshow.ch\/pt-pt\/wp-json\/wp\/v2\/users\/31"}],"replies":[{"embeddable":true,"href":"https:\/\/autoshow.ch\/pt-pt\/wp-json\/wp\/v2\/comments?post=228568"}],"version-history":[{"count":2,"href":"https:\/\/autoshow.ch\/pt-pt\/wp-json\/wp\/v2\/pages\/228568\/revisions"}],"predecessor-version":[{"id":232853,"href":"https:\/\/autoshow.ch\/pt-pt\/wp-json\/wp\/v2\/pages\/228568\/revisions\/232853"}],"up":[{"embeddable":true,"href":"https:\/\/autoshow.ch\/pt-pt\/wp-json\/wp\/v2\/pages\/226932"}],"wp:featuredmedia":[{"embeddable":true,"href":"https:\/\/autoshow.ch\/pt-pt\/wp-json\/wp\/v2\/media\/228574"}],"wp:attachment":[{"href":"https:\/\/autoshow.ch\/pt-pt\/wp-json\/wp\/v2\/media?parent=228568"}],"curies":[{"name":"wp","href":"https:\/\/api.w.org\/{rel}","templated":true}]}}